{"id":1340,"date":"2024-12-03T13:10:30","date_gmt":"2024-12-03T18:10:30","guid":{"rendered":"https:\/\/eslopusa.us\/?page_id=1340"},"modified":"2025-05-28T18:10:06","modified_gmt":"2025-05-28T23:10:06","slug":"clientes","status":"publish","type":"page","link":"https:\/\/eslop.com\/es\/clientes\/","title":{"rendered":"Clientes"},"content":{"rendered":"\t\t<div data-elementor-type=\"wp-page\" data-elementor-id=\"1340\" class=\"elementor elementor-1340\" data-elementor-post-type=\"page\">\n\t\t\t\t<div class=\"elementor-element elementor-element-48e989d e-con-full e-flex e-con e-parent\" data-id=\"48e989d\" data-element_type=\"container\" data-e-type=\"container\">\n\t\t<div class=\"elementor-element elementor-element-562a3fb e-con-full e-flex e-con e-child\" data-id=\"562a3fb\" data-element_type=\"container\" data-e-type=\"container\" data-settings=\"{&quot;background_background&quot;:&quot;classic&quot;}\">\n\t\t\t\t<div class=\"elementor-element elementor-element-d0c32bd elementor-widget elementor-widget-spacer\" data-id=\"d0c32bd\" data-element_type=\"widget\" data-e-type=\"widget\" data-widget_type=\"spacer.default\">\n\t\t\t\t<div class=\"elementor-widget-container\">\n\t\t\t\t\t\t\t<div class=\"elementor-spacer\">\n\t\t\t<div class=\"elementor-spacer-inner\"><\/div>\n\t\t<\/div>\n\t\t\t\t\t\t<\/div>\n\t\t\t\t<\/div>\n\t\t<div class=\"elementor-element elementor-element-d80f964 e-flex e-con-boxed e-con e-child\" data-id=\"d80f964\" data-element_type=\"container\" data-e-type=\"container\">\n\t\t\t\t\t<div class=\"e-con-inner\">\n\t\t\t\t<div class=\"elementor-element elementor-element-9f1a506 elementor-invisible elementor-widget elementor-widget-image\" data-id=\"9f1a506\" data-element_type=\"widget\" data-e-type=\"widget\" data-settings=\"{&quot;_animation&quot;:&quot;fadeInLeft&quot;,&quot;_animation_delay&quot;:400}\" data-widget_type=\"image.default\">\n\t\t\t\t<div class=\"elementor-widget-container\">\n\t\t\t\t\t\t\t\t\t\t\t\t\t\t\t<img fetchpriority=\"high\" decoding=\"async\" width=\"500\" height=\"679\" src=\"https:\/\/eslop.com\/wp-content\/uploads\/2024\/12\/35-eslop-usa.webp\" class=\"attachment-full size-full wp-image-1347\" alt=\"Eslop USA empresa del sector minero, oro y minerales preciosos\" srcset=\"https:\/\/eslop.com\/wp-content\/uploads\/2024\/12\/35-eslop-usa.webp 500w, https:\/\/eslop.com\/wp-content\/uploads\/2024\/12\/35-eslop-usa-221x300.webp 221w\" sizes=\"(max-width: 500px) 100vw, 500px\" \/>\t\t\t\t\t\t\t\t\t\t\t\t\t\t\t<\/div>\n\t\t\t\t<\/div>\n\t\t\t\t<div class=\"elementor-element elementor-element-75636f1 elementor-invisible elementor-widget elementor-widget-heading\" data-id=\"75636f1\" data-element_type=\"widget\" data-e-type=\"widget\" data-settings=\"{&quot;_animation&quot;:&quot;fadeInLeft&quot;}\" data-widget_type=\"heading.default\">\n\t\t\t\t<div class=\"elementor-widget-container\">\n\t\t\t\t\t<h4 class=\"elementor-heading-title elementor-size-default\">Clientes<\/h4>\t\t\t\t<\/div>\n\t\t\t\t<\/div>\n\t\t\t\t<div class=\"elementor-element elementor-element-21db382 elementor-widget-divider--view-line elementor-widget elementor-widget-divider\" data-id=\"21db382\" data-element_type=\"widget\" data-e-type=\"widget\" data-widget_type=\"divider.default\">\n\t\t\t\t<div class=\"elementor-widget-container\">\n\t\t\t\t\t\t\t<div class=\"elementor-divider\">\n\t\t\t<span class=\"elementor-divider-separator\">\n\t\t\t\t\t\t<\/span>\n\t\t<\/div>\n\t\t\t\t\t\t<\/div>\n\t\t\t\t<\/div>\n\t\t\t\t\t<\/div>\n\t\t\t\t<\/div>\n\t\t\t\t<div class=\"elementor-element elementor-element-047afc7 elementor-widget elementor-widget-spacer\" data-id=\"047afc7\" data-element_type=\"widget\" data-e-type=\"widget\" data-widget_type=\"spacer.default\">\n\t\t\t\t<div class=\"elementor-widget-container\">\n\t\t\t\t\t\t\t<div class=\"elementor-spacer\">\n\t\t\t<div class=\"elementor-spacer-inner\"><\/div>\n\t\t<\/div>\n\t\t\t\t\t\t<\/div>\n\t\t\t\t<\/div>\n\t\t\t\t<\/div>\n\t\t\t\t<\/div>\n\t\t<div class=\"elementor-element elementor-element-9daece0 e-con-full e-flex e-con e-parent\" data-id=\"9daece0\" data-element_type=\"container\" data-e-type=\"container\">\n\t\t\t\t<div class=\"elementor-element elementor-element-f393518 elementor-widget elementor-widget-spacer\" data-id=\"f393518\" data-element_type=\"widget\" data-e-type=\"widget\" data-widget_type=\"spacer.default\">\n\t\t\t\t<div class=\"elementor-widget-container\">\n\t\t\t\t\t\t\t<div class=\"elementor-spacer\">\n\t\t\t<div class=\"elementor-spacer-inner\"><\/div>\n\t\t<\/div>\n\t\t\t\t\t\t<\/div>\n\t\t\t\t<\/div>\n\t\t<div class=\"elementor-element elementor-element-05d05a1 e-flex e-con-boxed e-con e-child\" data-id=\"05d05a1\" data-element_type=\"container\" data-e-type=\"container\">\n\t\t\t\t\t<div class=\"e-con-inner\">\n\t\t<div class=\"elementor-element elementor-element-1069d38 e-con-full e-flex e-con e-child\" data-id=\"1069d38\" data-element_type=\"container\" data-e-type=\"container\">\n\t\t\t\t<div class=\"elementor-element elementor-element-c9ca8c7 elementor-widget elementor-widget-image\" data-id=\"c9ca8c7\" data-element_type=\"widget\" data-e-type=\"widget\" data-widget_type=\"image.default\">\n\t\t\t\t<div class=\"elementor-widget-container\">\n\t\t\t\t\t\t\t\t\t\t\t\t\t\t\t<img decoding=\"async\" width=\"458\" height=\"679\" src=\"https:\/\/eslop.com\/wp-content\/uploads\/2025\/05\/78-eslop-usa.webp\" class=\"attachment-full size-full wp-image-2988\" alt=\"\" srcset=\"https:\/\/eslop.com\/wp-content\/uploads\/2025\/05\/78-eslop-usa.webp 458w, https:\/\/eslop.com\/wp-content\/uploads\/2025\/05\/78-eslop-usa-202x300.webp 202w\" sizes=\"(max-width: 458px) 100vw, 458px\" \/>\t\t\t\t\t\t\t\t\t\t\t\t\t\t\t<\/div>\n\t\t\t\t<\/div>\n\t\t\t\t<\/div>\n\t\t<div class=\"elementor-element elementor-element-79de1dc e-con-full e-flex e-con e-child\" data-id=\"79de1dc\" data-element_type=\"container\" data-e-type=\"container\">\n\t\t\t\t<div class=\"elementor-element elementor-element-415e294 elementor-widget__width-initial elementor-invisible elementor-widget elementor-widget-heading\" data-id=\"415e294\" data-element_type=\"widget\" data-e-type=\"widget\" data-settings=\"{&quot;_animation&quot;:&quot;fadeInDown&quot;}\" data-widget_type=\"heading.default\">\n\t\t\t\t<div class=\"elementor-widget-container\">\n\t\t\t\t\t<h4 class=\"elementor-heading-title elementor-size-default\">Bienvenido al coraz\u00f3n<br>\nde nuestra operaci\u00f3n:<\/h4>\t\t\t\t<\/div>\n\t\t\t\t<\/div>\n\t\t\t\t<div class=\"elementor-element elementor-element-a7fc8e7 elementor-widget__width-initial elementor-invisible elementor-widget elementor-widget-text-editor\" data-id=\"a7fc8e7\" data-element_type=\"widget\" data-e-type=\"widget\" data-settings=\"{&quot;_animation&quot;:&quot;fadeIn&quot;,&quot;_animation_delay&quot;:200}\" data-widget_type=\"text-editor.default\">\n\t\t\t\t<div class=\"elementor-widget-container\">\n\t\t\t\t\t\t\t\t\t<p>Un espacio dise\u00f1ado para fortalecer nuestra relaci\u00f3n, brindarte herramientas \u00fanicas y construir juntos un legado de solidez y confianza<\/p>\t\t\t\t\t\t\t\t<\/div>\n\t\t\t\t<\/div>\n\t\t\t\t<div class=\"elementor-element elementor-element-ee515eb elementor-widget__width-initial elementor-button-align-stretch elementor-widget elementor-widget-form\" data-id=\"ee515eb\" data-element_type=\"widget\" data-e-type=\"widget\" data-settings=\"{&quot;step_next_label&quot;:&quot;Next&quot;,&quot;step_previous_label&quot;:&quot;Previous&quot;,&quot;button_width&quot;:&quot;100&quot;,&quot;step_type&quot;:&quot;number_text&quot;,&quot;step_icon_shape&quot;:&quot;circle&quot;}\" data-widget_type=\"form.default\">\n\t\t\t\t<div class=\"elementor-widget-container\">\n\t\t\t\t\t\t\t<form class=\"elementor-form\" method=\"post\" name=\"New Form\" aria-label=\"New Form\">\n\t\t\t<input type=\"hidden\" name=\"post_id\" value=\"1340\"\/>\n\t\t\t<input type=\"hidden\" name=\"form_id\" value=\"ee515eb\"\/>\n\t\t\t<input type=\"hidden\" name=\"referer_title\" value=\"Nuestros Clientes | Transparencia y Excelencia Garantizadas\" \/>\n\n\t\t\t\t\t\t\t<input type=\"hidden\" name=\"queried_id\" value=\"1340\"\/>\n\t\t\t\n\t\t\t<div class=\"elementor-form-fields-wrapper elementor-labels-above\">\n\t\t\t\t\t\t\t\t<div class=\"elementor-field-type-text elementor-field-group elementor-column elementor-field-group-name elementor-col-100 elementor-field-required elementor-mark-required\">\n\t\t\t\t\t\t\t\t\t\t\t\t<label for=\"form-field-name\" class=\"elementor-field-label\">\n\t\t\t\t\t\t\t\tNombre de usuario\t\t\t\t\t\t\t<\/label>\n\t\t\t\t\t\t\t\t\t\t\t\t\t\t<input size=\"1\" type=\"text\" name=\"form_fields[name]\" id=\"form-field-name\" class=\"elementor-field elementor-size-md  elementor-field-textual\" required=\"required\">\n\t\t\t\t\t\t\t\t\t\t\t<\/div>\n\t\t\t\t\t\t\t\t<div class=\"elementor-field-type-password elementor-field-group elementor-column elementor-field-group-email elementor-col-100 elementor-field-required elementor-mark-required\">\n\t\t\t\t\t\t\t\t\t\t\t\t<label for=\"form-field-email\" class=\"elementor-field-label\">\n\t\t\t\t\t\t\t\tContrase\u00f1a\t\t\t\t\t\t\t<\/label>\n\t\t\t\t\t\t\t\t\t\t\t\t\t\t<input size=\"1\" type=\"password\" name=\"form_fields[email]\" id=\"form-field-email\" class=\"elementor-field elementor-size-md  elementor-field-textual\" required=\"required\">\n\t\t\t\t\t\t\t\t\t\t\t<\/div>\n\t\t\t\t\t\t\t\t<div class=\"elementor-field-group elementor-column elementor-field-type-submit elementor-col-100 e-form__buttons\">\n\t\t\t\t\t<button class=\"elementor-button elementor-size-sm\" type=\"submit\">\n\t\t\t\t\t\t<span class=\"elementor-button-content-wrapper\">\n\t\t\t\t\t\t\t\t\t\t\t\t\t\t\t\t\t\t\t\t\t\t<span class=\"elementor-button-text\">Ingresar<\/span>\n\t\t\t\t\t\t\t\t\t\t\t\t\t<\/span>\n\t\t\t\t\t<\/button>\n\t\t\t\t<\/div>\n\t\t\t<\/div>\n\t\t<\/form>\n\t\t\t\t\t\t<\/div>\n\t\t\t\t<\/div>\n\t\t\t\t<div class=\"elementor-element elementor-element-b7c88cb elementor-widget elementor-widget-spacer\" data-id=\"b7c88cb\" data-element_type=\"widget\" data-e-type=\"widget\" data-widget_type=\"spacer.default\">\n\t\t\t\t<div class=\"elementor-widget-container\">\n\t\t\t\t\t\t\t<div class=\"elementor-spacer\">\n\t\t\t<div class=\"elementor-spacer-inner\"><\/div>\n\t\t<\/div>\n\t\t\t\t\t\t<\/div>\n\t\t\t\t<\/div>\n\t\t\t\t<\/div>\n\t\t\t\t\t<\/div>\n\t\t\t\t<\/div>\n\t\t\t\t<div class=\"elementor-element elementor-element-86fe394 elementor-widget elementor-widget-spacer\" data-id=\"86fe394\" data-element_type=\"widget\" data-e-type=\"widget\" data-widget_type=\"spacer.default\">\n\t\t\t\t<div class=\"elementor-widget-container\">\n\t\t\t\t\t\t\t<div class=\"elementor-spacer\">\n\t\t\t<div class=\"elementor-spacer-inner\"><\/div>\n\t\t<\/div>\n\t\t\t\t\t\t<\/div>\n\t\t\t\t<\/div>\n\t\t\t\t<\/div>\n\t\t\t\t<\/div>\n\t\t","protected":false},"excerpt":{"rendered":"<p>Bienvenido al coraz\u00f3n de nuestra operaci\u00f3n: Un espacio dise\u00f1ado para fortalecer nuestra relaci\u00f3n, brindarte herramientas \u00fanicas y construir juntos un legado de solidez y confianza<\/p>\n","protected":false},"author":1,"featured_media":2923,"parent":0,"menu_order":0,"comment_status":"closed","ping_status":"closed","template":"elementor_header_footer","meta":{"footnotes":""},"class_list":["post-1340","page","type-page","status-publish","has-post-thumbnail","hentry"],"yoast_head":"<!-- This site is optimized with the Yoast SEO plugin v27.4 - https:\/\/yoast.com\/product\/yoast-seo-wordpress\/ -->\n<title>Nuestros Clientes | Transparencia y Excelencia Garantizadas<\/title>\n<meta name=\"description\" content=\"En ESLOP USA, nuestros clientes conf\u00edan en nuestro liderazgo en miner\u00eda \u00e9tica, innovaci\u00f3n y responsabilidad corporativa.\" \/>\n<meta name=\"robots\" content=\"index, follow, max-snippet:-1, max-image-preview:large, max-video-preview:-1\" \/>\n<link rel=\"canonical\" href=\"https:\/\/eslop.com\/es\/clientes\/\" \/>\n<meta property=\"og:locale\" content=\"es_ES\" \/>\n<meta property=\"og:type\" content=\"article\" \/>\n<meta property=\"og:title\" content=\"Nuestros Clientes | Transparencia y Excelencia Garantizadas\" \/>\n<meta property=\"og:description\" content=\"En ESLOP USA, nuestros clientes conf\u00edan en nuestro liderazgo en miner\u00eda \u00e9tica, innovaci\u00f3n y responsabilidad corporativa.\" \/>\n<meta property=\"og:url\" content=\"https:\/\/eslop.com\/es\/clientes\/\" \/>\n<meta property=\"og:site_name\" content=\"ESLOP USA\" \/>\n<meta property=\"article:modified_time\" content=\"2025-05-28T23:10:06+00:00\" \/>\n<meta property=\"og:image\" content=\"https:\/\/eslop.com\/wp-content\/uploads\/2025\/05\/75-eslop-usa.webp\" \/>\n\t<meta property=\"og:image:width\" content=\"1600\" \/>\n\t<meta property=\"og:image:height\" content=\"900\" \/>\n\t<meta property=\"og:image:type\" content=\"image\/webp\" \/>\n<meta name=\"twitter:card\" content=\"summary_large_image\" \/>\n<meta name=\"twitter:label1\" content=\"Tiempo de lectura\" \/>\n\t<meta name=\"twitter:data1\" content=\"1 minuto\" \/>\n<script type=\"application\/ld+json\" class=\"yoast-schema-graph\">{\"@context\":\"https:\\\/\\\/schema.org\",\"@graph\":[{\"@type\":\"WebPage\",\"@id\":\"https:\\\/\\\/eslop.com\\\/es\\\/clientes\\\/\",\"url\":\"https:\\\/\\\/eslop.com\\\/es\\\/clientes\\\/\",\"name\":\"Nuestros Clientes | Transparencia y Excelencia Garantizadas\",\"isPartOf\":{\"@id\":\"https:\\\/\\\/eslop.com\\\/#website\"},\"primaryImageOfPage\":{\"@id\":\"https:\\\/\\\/eslop.com\\\/es\\\/clientes\\\/#primaryimage\"},\"image\":{\"@id\":\"https:\\\/\\\/eslop.com\\\/es\\\/clientes\\\/#primaryimage\"},\"thumbnailUrl\":\"https:\\\/\\\/eslop.com\\\/wp-content\\\/uploads\\\/2025\\\/05\\\/75-eslop-usa.webp\",\"datePublished\":\"2024-12-03T18:10:30+00:00\",\"dateModified\":\"2025-05-28T23:10:06+00:00\",\"description\":\"En ESLOP USA, nuestros clientes conf\u00edan en nuestro liderazgo en miner\u00eda \u00e9tica, innovaci\u00f3n y responsabilidad corporativa.\",\"breadcrumb\":{\"@id\":\"https:\\\/\\\/eslop.com\\\/es\\\/clientes\\\/#breadcrumb\"},\"inLanguage\":\"es\",\"potentialAction\":[{\"@type\":\"ReadAction\",\"target\":[\"https:\\\/\\\/eslop.com\\\/es\\\/clientes\\\/\"]}]},{\"@type\":\"ImageObject\",\"inLanguage\":\"es\",\"@id\":\"https:\\\/\\\/eslop.com\\\/es\\\/clientes\\\/#primaryimage\",\"url\":\"https:\\\/\\\/eslop.com\\\/wp-content\\\/uploads\\\/2025\\\/05\\\/75-eslop-usa.webp\",\"contentUrl\":\"https:\\\/\\\/eslop.com\\\/wp-content\\\/uploads\\\/2025\\\/05\\\/75-eslop-usa.webp\",\"width\":1600,\"height\":900},{\"@type\":\"BreadcrumbList\",\"@id\":\"https:\\\/\\\/eslop.com\\\/es\\\/clientes\\\/#breadcrumb\",\"itemListElement\":[{\"@type\":\"ListItem\",\"position\":1,\"name\":\"Portada\",\"item\":\"https:\\\/\\\/eslop.com\\\/es\\\/\"},{\"@type\":\"ListItem\",\"position\":2,\"name\":\"Clientes\"}]},{\"@type\":\"WebSite\",\"@id\":\"https:\\\/\\\/eslop.com\\\/#website\",\"url\":\"https:\\\/\\\/eslop.com\\\/\",\"name\":\"Eslop USA\",\"description\":\"Liderazgo en Miner&iacute;a y Metales Preciosos\",\"publisher\":{\"@id\":\"https:\\\/\\\/eslop.com\\\/#organization\"},\"alternateName\":\"Eslop\",\"potentialAction\":[{\"@type\":\"SearchAction\",\"target\":{\"@type\":\"EntryPoint\",\"urlTemplate\":\"https:\\\/\\\/eslop.com\\\/?s={search_term_string}\"},\"query-input\":{\"@type\":\"PropertyValueSpecification\",\"valueRequired\":true,\"valueName\":\"search_term_string\"}}],\"inLanguage\":\"es\"},{\"@type\":\"Organization\",\"@id\":\"https:\\\/\\\/eslop.com\\\/#organization\",\"name\":\"Eslop USA\",\"alternateName\":\"Eslop\",\"url\":\"https:\\\/\\\/eslop.com\\\/\",\"logo\":{\"@type\":\"ImageObject\",\"inLanguage\":\"es\",\"@id\":\"https:\\\/\\\/eslop.com\\\/#\\\/schema\\\/logo\\\/image\\\/\",\"url\":\"https:\\\/\\\/eslopusa.us\\\/wp-content\\\/uploads\\\/2024\\\/12\\\/66-eslop-usa.webp\",\"contentUrl\":\"https:\\\/\\\/eslopusa.us\\\/wp-content\\\/uploads\\\/2024\\\/12\\\/66-eslop-usa.webp\",\"width\":471,\"height\":166,\"caption\":\"Eslop USA\"},\"image\":{\"@id\":\"https:\\\/\\\/eslop.com\\\/#\\\/schema\\\/logo\\\/image\\\/\"}}]}<\/script>\n<!-- \/ Yoast SEO plugin. -->","yoast_head_json":{"title":"Nuestros Clientes | Transparencia y Excelencia Garantizadas","description":"En ESLOP USA, nuestros clientes conf\u00edan en nuestro liderazgo en miner\u00eda \u00e9tica, innovaci\u00f3n y responsabilidad corporativa.","robots":{"index":"index","follow":"follow","max-snippet":"max-snippet:-1","max-image-preview":"max-image-preview:large","max-video-preview":"max-video-preview:-1"},"canonical":"https:\/\/eslop.com\/es\/clientes\/","og_locale":"es_ES","og_type":"article","og_title":"Nuestros Clientes | Transparencia y Excelencia Garantizadas","og_description":"En ESLOP USA, nuestros clientes conf\u00edan en nuestro liderazgo en miner\u00eda \u00e9tica, innovaci\u00f3n y responsabilidad corporativa.","og_url":"https:\/\/eslop.com\/es\/clientes\/","og_site_name":"ESLOP USA","article_modified_time":"2025-05-28T23:10:06+00:00","og_image":[{"width":1600,"height":900,"url":"https:\/\/eslop.com\/wp-content\/uploads\/2025\/05\/75-eslop-usa.webp","type":"image\/webp"}],"twitter_card":"summary_large_image","twitter_misc":{"Tiempo de lectura":"1 minuto"},"schema":{"@context":"https:\/\/schema.org","@graph":[{"@type":"WebPage","@id":"https:\/\/eslop.com\/es\/clientes\/","url":"https:\/\/eslop.com\/es\/clientes\/","name":"Nuestros Clientes | Transparencia y Excelencia Garantizadas","isPartOf":{"@id":"https:\/\/eslop.com\/#website"},"primaryImageOfPage":{"@id":"https:\/\/eslop.com\/es\/clientes\/#primaryimage"},"image":{"@id":"https:\/\/eslop.com\/es\/clientes\/#primaryimage"},"thumbnailUrl":"https:\/\/eslop.com\/wp-content\/uploads\/2025\/05\/75-eslop-usa.webp","datePublished":"2024-12-03T18:10:30+00:00","dateModified":"2025-05-28T23:10:06+00:00","description":"En ESLOP USA, nuestros clientes conf\u00edan en nuestro liderazgo en miner\u00eda \u00e9tica, innovaci\u00f3n y responsabilidad corporativa.","breadcrumb":{"@id":"https:\/\/eslop.com\/es\/clientes\/#breadcrumb"},"inLanguage":"es","potentialAction":[{"@type":"ReadAction","target":["https:\/\/eslop.com\/es\/clientes\/"]}]},{"@type":"ImageObject","inLanguage":"es","@id":"https:\/\/eslop.com\/es\/clientes\/#primaryimage","url":"https:\/\/eslop.com\/wp-content\/uploads\/2025\/05\/75-eslop-usa.webp","contentUrl":"https:\/\/eslop.com\/wp-content\/uploads\/2025\/05\/75-eslop-usa.webp","width":1600,"height":900},{"@type":"BreadcrumbList","@id":"https:\/\/eslop.com\/es\/clientes\/#breadcrumb","itemListElement":[{"@type":"ListItem","position":1,"name":"Portada","item":"https:\/\/eslop.com\/es\/"},{"@type":"ListItem","position":2,"name":"Clientes"}]},{"@type":"WebSite","@id":"https:\/\/eslop.com\/#website","url":"https:\/\/eslop.com\/","name":"Eslop USA","description":"Liderazgo en Miner&iacute;a y Metales Preciosos","publisher":{"@id":"https:\/\/eslop.com\/#organization"},"alternateName":"Eslop","potentialAction":[{"@type":"SearchAction","target":{"@type":"EntryPoint","urlTemplate":"https:\/\/eslop.com\/?s={search_term_string}"},"query-input":{"@type":"PropertyValueSpecification","valueRequired":true,"valueName":"search_term_string"}}],"inLanguage":"es"},{"@type":"Organization","@id":"https:\/\/eslop.com\/#organization","name":"Eslop USA","alternateName":"Eslop","url":"https:\/\/eslop.com\/","logo":{"@type":"ImageObject","inLanguage":"es","@id":"https:\/\/eslop.com\/#\/schema\/logo\/image\/","url":"https:\/\/eslopusa.us\/wp-content\/uploads\/2024\/12\/66-eslop-usa.webp","contentUrl":"https:\/\/eslopusa.us\/wp-content\/uploads\/2024\/12\/66-eslop-usa.webp","width":471,"height":166,"caption":"Eslop USA"},"image":{"@id":"https:\/\/eslop.com\/#\/schema\/logo\/image\/"}}]}},"_links":{"self":[{"href":"https:\/\/eslop.com\/es\/wp-json\/wp\/v2\/pages\/1340","targetHints":{"allow":["GET"]}}],"collection":[{"href":"https:\/\/eslop.com\/es\/wp-json\/wp\/v2\/pages"}],"about":[{"href":"https:\/\/eslop.com\/es\/wp-json\/wp\/v2\/types\/page"}],"author":[{"embeddable":true,"href":"https:\/\/eslop.com\/es\/wp-json\/wp\/v2\/users\/1"}],"replies":[{"embeddable":true,"href":"https:\/\/eslop.com\/es\/wp-json\/wp\/v2\/comments?post=1340"}],"version-history":[{"count":201,"href":"https:\/\/eslop.com\/es\/wp-json\/wp\/v2\/pages\/1340\/revisions"}],"predecessor-version":[{"id":2992,"href":"https:\/\/eslop.com\/es\/wp-json\/wp\/v2\/pages\/1340\/revisions\/2992"}],"wp:featuredmedia":[{"embeddable":true,"href":"https:\/\/eslop.com\/es\/wp-json\/wp\/v2\/media\/2923"}],"wp:attachment":[{"href":"https:\/\/eslop.com\/es\/wp-json\/wp\/v2\/media?parent=1340"}],"curies":[{"name":"wp","href":"https:\/\/api.w.org\/{rel}","templated":true}]}}