{"id":1519,"date":"2024-12-03T14:30:08","date_gmt":"2024-12-03T19:30:08","guid":{"rendered":"https:\/\/eslopusa.us\/?page_id=1519"},"modified":"2025-05-15T22:56:51","modified_gmt":"2025-05-16T03:56:51","slug":"noticias-y-eventos","status":"publish","type":"page","link":"https:\/\/eslop.com\/es\/noticias-y-eventos\/","title":{"rendered":"Noticias"},"content":{"rendered":"\t\t<div data-elementor-type=\"wp-page\" data-elementor-id=\"1519\" class=\"elementor elementor-1519\" data-elementor-post-type=\"page\">\n\t\t\t\t<div class=\"elementor-element elementor-element-48e989d e-con-full e-flex e-con e-parent\" data-id=\"48e989d\" data-element_type=\"container\" data-e-type=\"container\">\n\t\t<div class=\"elementor-element elementor-element-562a3fb e-con-full e-flex e-con e-child\" data-id=\"562a3fb\" data-element_type=\"container\" data-e-type=\"container\" data-settings=\"{&quot;background_background&quot;:&quot;classic&quot;}\">\n\t\t\t\t<div class=\"elementor-element elementor-element-d0c32bd elementor-widget elementor-widget-spacer\" data-id=\"d0c32bd\" data-element_type=\"widget\" data-e-type=\"widget\" data-widget_type=\"spacer.default\">\n\t\t\t\t<div class=\"elementor-widget-container\">\n\t\t\t\t\t\t\t<div class=\"elementor-spacer\">\n\t\t\t<div class=\"elementor-spacer-inner\"><\/div>\n\t\t<\/div>\n\t\t\t\t\t\t<\/div>\n\t\t\t\t<\/div>\n\t\t<div class=\"elementor-element elementor-element-d80f964 e-flex e-con-boxed e-con e-child\" data-id=\"d80f964\" data-element_type=\"container\" data-e-type=\"container\">\n\t\t\t\t\t<div class=\"e-con-inner\">\n\t\t\t\t<div class=\"elementor-element elementor-element-9f1a506 elementor-invisible elementor-widget elementor-widget-image\" data-id=\"9f1a506\" data-element_type=\"widget\" data-e-type=\"widget\" data-settings=\"{&quot;_animation&quot;:&quot;fadeInLeft&quot;,&quot;_animation_delay&quot;:400}\" data-widget_type=\"image.default\">\n\t\t\t\t<div class=\"elementor-widget-container\">\n\t\t\t\t\t\t\t\t\t\t\t\t\t\t\t<img fetchpriority=\"high\" decoding=\"async\" width=\"500\" height=\"679\" src=\"https:\/\/eslop.com\/wp-content\/uploads\/2024\/12\/35-eslop-usa.webp\" class=\"attachment-full size-full wp-image-1347\" alt=\"Eslop USA empresa del sector minero, oro y minerales preciosos\" srcset=\"https:\/\/eslop.com\/wp-content\/uploads\/2024\/12\/35-eslop-usa.webp 500w, https:\/\/eslop.com\/wp-content\/uploads\/2024\/12\/35-eslop-usa-221x300.webp 221w\" sizes=\"(max-width: 500px) 100vw, 500px\" \/>\t\t\t\t\t\t\t\t\t\t\t\t\t\t\t<\/div>\n\t\t\t\t<\/div>\n\t\t\t\t<div class=\"elementor-element elementor-element-75636f1 elementor-invisible elementor-widget elementor-widget-heading\" data-id=\"75636f1\" data-element_type=\"widget\" data-e-type=\"widget\" data-settings=\"{&quot;_animation&quot;:&quot;fadeInLeft&quot;}\" data-widget_type=\"heading.default\">\n\t\t\t\t<div class=\"elementor-widget-container\">\n\t\t\t\t\t<h4 class=\"elementor-heading-title elementor-size-default\">Noticias<\/h4>\t\t\t\t<\/div>\n\t\t\t\t<\/div>\n\t\t\t\t<div class=\"elementor-element elementor-element-21db382 elementor-widget-divider--view-line elementor-widget elementor-widget-divider\" data-id=\"21db382\" data-element_type=\"widget\" data-e-type=\"widget\" data-widget_type=\"divider.default\">\n\t\t\t\t<div class=\"elementor-widget-container\">\n\t\t\t\t\t\t\t<div class=\"elementor-divider\">\n\t\t\t<span class=\"elementor-divider-separator\">\n\t\t\t\t\t\t<\/span>\n\t\t<\/div>\n\t\t\t\t\t\t<\/div>\n\t\t\t\t<\/div>\n\t\t\t\t\t<\/div>\n\t\t\t\t<\/div>\n\t\t\t\t<div class=\"elementor-element elementor-element-047afc7 elementor-widget elementor-widget-spacer\" data-id=\"047afc7\" data-element_type=\"widget\" data-e-type=\"widget\" data-widget_type=\"spacer.default\">\n\t\t\t\t<div class=\"elementor-widget-container\">\n\t\t\t\t\t\t\t<div class=\"elementor-spacer\">\n\t\t\t<div class=\"elementor-spacer-inner\"><\/div>\n\t\t<\/div>\n\t\t\t\t\t\t<\/div>\n\t\t\t\t<\/div>\n\t\t\t\t<\/div>\n\t\t\t\t<\/div>\n\t\t<div class=\"elementor-element elementor-element-9daece0 e-con-full e-flex e-con e-parent\" data-id=\"9daece0\" data-element_type=\"container\" data-e-type=\"container\">\n\t\t\t\t<div class=\"elementor-element elementor-element-f393518 elementor-widget elementor-widget-spacer\" data-id=\"f393518\" data-element_type=\"widget\" data-e-type=\"widget\" data-widget_type=\"spacer.default\">\n\t\t\t\t<div class=\"elementor-widget-container\">\n\t\t\t\t\t\t\t<div class=\"elementor-spacer\">\n\t\t\t<div class=\"elementor-spacer-inner\"><\/div>\n\t\t<\/div>\n\t\t\t\t\t\t<\/div>\n\t\t\t\t<\/div>\n\t\t<div class=\"elementor-element elementor-element-737078b e-flex e-con-boxed e-con e-child\" data-id=\"737078b\" data-element_type=\"container\" data-e-type=\"container\">\n\t\t\t\t\t<div class=\"e-con-inner\">\n\t\t\t\t<div class=\"elementor-element elementor-element-99a67e6 elementor-widget__width-initial elementor-widget-mobile__width-inherit frase1 elementor-widget elementor-widget-heading\" data-id=\"99a67e6\" data-element_type=\"widget\" data-e-type=\"widget\" data-widget_type=\"heading.default\">\n\t\t\t\t<div class=\"elementor-widget-container\">\n\t\t\t\t\t<h2 class=\"elementor-heading-title elementor-size-default\">Forjando el futuro: novedades y avances que consolidan nuestro legado de confianza y excelencia.<\/h2>\t\t\t\t<\/div>\n\t\t\t\t<\/div>\n\t\t\t\t<div class=\"elementor-element elementor-element-dd9a97b elementor-widget elementor-widget-spacer\" data-id=\"dd9a97b\" data-element_type=\"widget\" data-e-type=\"widget\" data-widget_type=\"spacer.default\">\n\t\t\t\t<div class=\"elementor-widget-container\">\n\t\t\t\t\t\t\t<div class=\"elementor-spacer\">\n\t\t\t<div class=\"elementor-spacer-inner\"><\/div>\n\t\t<\/div>\n\t\t\t\t\t\t<\/div>\n\t\t\t\t<\/div>\n\t\t\t\t<div class=\"elementor-element elementor-element-c2da28b grid-blogs animated-slow elementor-grid-tablet-1 elementor-grid-3 elementor-grid-mobile-1 elementor-posts--thumbnail-top elementor-invisible elementor-widget elementor-widget-posts\" data-id=\"c2da28b\" data-element_type=\"widget\" data-e-type=\"widget\" data-settings=\"{&quot;classic_row_gap&quot;:{&quot;unit&quot;:&quot;px&quot;,&quot;size&quot;:30,&quot;sizes&quot;:[]},&quot;_animation&quot;:&quot;fadeIn&quot;,&quot;_animation_delay&quot;:400,&quot;classic_columns_tablet&quot;:&quot;1&quot;,&quot;classic_columns&quot;:&quot;3&quot;,&quot;classic_columns_mobile&quot;:&quot;1&quot;,&quot;classic_row_gap_tablet&quot;:{&quot;unit&quot;:&quot;px&quot;,&quot;size&quot;:&quot;&quot;,&quot;sizes&quot;:[]},&quot;classic_row_gap_mobile&quot;:{&quot;unit&quot;:&quot;px&quot;,&quot;size&quot;:&quot;&quot;,&quot;sizes&quot;:[]}}\" data-widget_type=\"posts.classic\">\n\t\t\t\t<div class=\"elementor-widget-container\">\n\t\t\t\t\t\t\t<div class=\"elementor-posts-container elementor-posts elementor-posts--skin-classic elementor-grid\" role=\"list\">\n\t\t\t\t<article class=\"elementor-post elementor-grid-item post-1272 post type-post status-publish format-standard has-post-thumbnail hentry category-sin-categorizar tag-eslop-usa tag-excelencia tag-innovacion tag-metales-preciosos tag-mineria tag-oro tag-refineria tag-responsabilidad-corporativa tag-sostenibilidad tag-transparencia\" role=\"listitem\">\n\t\t\t\t<a class=\"elementor-post__thumbnail__link\" href=\"https:\/\/eslop.com\/es\/como-elegir-la-mejor-aleacion-para-tus-proyectos-de-metales-preciosos\/\" tabindex=\"-1\" >\n\t\t\t<div class=\"elementor-post__thumbnail\"><img decoding=\"async\" width=\"1500\" height=\"844\" src=\"https:\/\/eslop.com\/wp-content\/uploads\/2024\/12\/45-1.jpg\" class=\"attachment-full size-full wp-image-1273\" alt=\"Eslop USA empresa del sector minero, oro y minerales preciosos\" srcset=\"https:\/\/eslop.com\/wp-content\/uploads\/2024\/12\/45-1.jpg 1500w, https:\/\/eslop.com\/wp-content\/uploads\/2024\/12\/45-1-300x169.jpg 300w, https:\/\/eslop.com\/wp-content\/uploads\/2024\/12\/45-1-1024x576.jpg 1024w, https:\/\/eslop.com\/wp-content\/uploads\/2024\/12\/45-1-768x432.jpg 768w\" sizes=\"(max-width: 1500px) 100vw, 1500px\" \/><\/div>\n\t\t<\/a>\n\t\t\t\t<div class=\"elementor-post__text\">\n\t\t\t\t<h3 class=\"elementor-post__title\">\n\t\t\t<a href=\"https:\/\/eslop.com\/es\/como-elegir-la-mejor-aleacion-para-tus-proyectos-de-metales-preciosos\/\" >\n\t\t\t\tC\u00f3mo Elegir la Mejor Aleaci\u00f3n para tus Proyectos de Metales Preciosos\t\t\t<\/a>\n\t\t<\/h3>\n\t\t\t\t<div class=\"elementor-post__meta-data\">\n\t\t\t\t\t<span class=\"elementor-post-date\">\n\t\t\tdiciembre 3, 2024\t\t<\/span>\n\t\t\t\t<\/div>\n\t\t\t\t<div class=\"elementor-post__excerpt\">\n\t\t\t<p>Cuando se trata de trabajar con metales preciosos, la elecci\u00f3n de la aleaci\u00f3n correcta puede marcar una gran diferencia en el resultado final. Por ejemplo, el oro puro<\/p>\n\t\t<\/div>\n\t\t\n\t\t<a class=\"elementor-post__read-more\" href=\"https:\/\/eslop.com\/es\/como-elegir-la-mejor-aleacion-para-tus-proyectos-de-metales-preciosos\/\" aria-label=\"M\u00e1s informaci\u00f3n sobre C\u00f3mo Elegir la Mejor Aleaci\u00f3n para tus Proyectos de Metales Preciosos\" tabindex=\"-1\" >\n\t\t\tLeer m\u00e1s\t\t<\/a>\n\n\t\t\t\t<\/div>\n\t\t\t\t<\/article>\n\t\t\t\t<article class=\"elementor-post elementor-grid-item post-1269 post type-post status-publish format-standard has-post-thumbnail hentry category-sin-categorizar tag-eslop-usa tag-excelencia tag-innovacion tag-metales-preciosos tag-mineria tag-oro tag-refineria tag-responsabilidad-corporativa tag-sostenibilidad tag-transparencia\" role=\"listitem\">\n\t\t\t\t<a class=\"elementor-post__thumbnail__link\" href=\"https:\/\/eslop.com\/es\/metales-preciosos-y-sostenibilidad-nuestro-compromiso-con-el-futuro\/\" tabindex=\"-1\" >\n\t\t\t<div class=\"elementor-post__thumbnail\"><img decoding=\"async\" width=\"1800\" height=\"1526\" src=\"https:\/\/eslop.com\/wp-content\/uploads\/2025\/05\/80-eslop-usa.webp\" class=\"attachment-full size-full wp-image-2996\" alt=\"\" srcset=\"https:\/\/eslop.com\/wp-content\/uploads\/2025\/05\/80-eslop-usa.webp 1800w, https:\/\/eslop.com\/wp-content\/uploads\/2025\/05\/80-eslop-usa-300x254.webp 300w, https:\/\/eslop.com\/wp-content\/uploads\/2025\/05\/80-eslop-usa-1024x868.webp 1024w, https:\/\/eslop.com\/wp-content\/uploads\/2025\/05\/80-eslop-usa-768x651.webp 768w, https:\/\/eslop.com\/wp-content\/uploads\/2025\/05\/80-eslop-usa-1536x1302.webp 1536w\" sizes=\"(max-width: 1800px) 100vw, 1800px\" \/><\/div>\n\t\t<\/a>\n\t\t\t\t<div class=\"elementor-post__text\">\n\t\t\t\t<h3 class=\"elementor-post__title\">\n\t\t\t<a href=\"https:\/\/eslop.com\/es\/metales-preciosos-y-sostenibilidad-nuestro-compromiso-con-el-futuro\/\" >\n\t\t\t\tMetales Preciosos y Sostenibilidad: Nuestro Compromiso con el Futuro\t\t\t<\/a>\n\t\t<\/h3>\n\t\t\t\t<div class=\"elementor-post__meta-data\">\n\t\t\t\t\t<span class=\"elementor-post-date\">\n\t\t\tdiciembre 3, 2024\t\t<\/span>\n\t\t\t\t<\/div>\n\t\t\t\t<div class=\"elementor-post__excerpt\">\n\t\t\t<p>La industria de los metales preciosos enfrenta el desaf\u00edo de operar de manera sostenible en un mundo que exige pr\u00e1cticas m\u00e1s responsables. En nuestra empresa, nos tomamos este<\/p>\n\t\t<\/div>\n\t\t\n\t\t<a class=\"elementor-post__read-more\" href=\"https:\/\/eslop.com\/es\/metales-preciosos-y-sostenibilidad-nuestro-compromiso-con-el-futuro\/\" aria-label=\"M\u00e1s informaci\u00f3n sobre Metales Preciosos y Sostenibilidad: Nuestro Compromiso con el Futuro\" tabindex=\"-1\" >\n\t\t\tLeer m\u00e1s\t\t<\/a>\n\n\t\t\t\t<\/div>\n\t\t\t\t<\/article>\n\t\t\t\t<article class=\"elementor-post elementor-grid-item post-1263 post type-post status-publish format-standard has-post-thumbnail hentry tag-eslop-usa tag-excelencia tag-innovacion tag-metales-preciosos tag-mineria tag-oro tag-refineria tag-responsabilidad-corporativa tag-sostenibilidad tag-transparencia\" role=\"listitem\">\n\t\t\t\t<a class=\"elementor-post__thumbnail__link\" href=\"https:\/\/eslop.com\/es\/el-arte-de-transformar-metales-preciosos-innovacion-y-tradicion\/\" tabindex=\"-1\" >\n\t\t\t<div class=\"elementor-post__thumbnail\"><img loading=\"lazy\" decoding=\"async\" width=\"1500\" height=\"841\" src=\"https:\/\/eslop.com\/wp-content\/uploads\/2024\/12\/51170-1.jpg\" class=\"attachment-full size-full wp-image-1264\" alt=\"Eslop USA empresa del sector minero, oro y minerales preciosos\" srcset=\"https:\/\/eslop.com\/wp-content\/uploads\/2024\/12\/51170-1.jpg 1500w, https:\/\/eslop.com\/wp-content\/uploads\/2024\/12\/51170-1-300x168.jpg 300w, https:\/\/eslop.com\/wp-content\/uploads\/2024\/12\/51170-1-1024x574.jpg 1024w, https:\/\/eslop.com\/wp-content\/uploads\/2024\/12\/51170-1-768x431.jpg 768w\" sizes=\"(max-width: 1500px) 100vw, 1500px\" \/><\/div>\n\t\t<\/a>\n\t\t\t\t<div class=\"elementor-post__text\">\n\t\t\t\t<h3 class=\"elementor-post__title\">\n\t\t\t<a href=\"https:\/\/eslop.com\/es\/el-arte-de-transformar-metales-preciosos-innovacion-y-tradicion\/\" >\n\t\t\t\tEl Arte de Transformar Metales Preciosos: Innovaci\u00f3n y Tradici\u00f3n\t\t\t<\/a>\n\t\t<\/h3>\n\t\t\t\t<div class=\"elementor-post__meta-data\">\n\t\t\t\t\t<span class=\"elementor-post-date\">\n\t\t\tdiciembre 3, 2024\t\t<\/span>\n\t\t\t\t<\/div>\n\t\t\t\t<div class=\"elementor-post__excerpt\">\n\t\t\t<p>Desde tiempos antiguos, los metales preciosos como el oro y la plata han fascinado a la humanidad por su brillo y maleabilidad. Pero, \u00bfqu\u00e9 implica realmente transformarlos? Hoy,<\/p>\n\t\t<\/div>\n\t\t\n\t\t<a class=\"elementor-post__read-more\" href=\"https:\/\/eslop.com\/es\/el-arte-de-transformar-metales-preciosos-innovacion-y-tradicion\/\" aria-label=\"M\u00e1s informaci\u00f3n sobre El Arte de Transformar Metales Preciosos: Innovaci\u00f3n y Tradici\u00f3n\" tabindex=\"-1\" >\n\t\t\tLeer m\u00e1s\t\t<\/a>\n\n\t\t\t\t<\/div>\n\t\t\t\t<\/article>\n\t\t\t\t<\/div>\n\t\t\n\t\t\t\t\t\t<\/div>\n\t\t\t\t<\/div>\n\t\t\t\t\t<\/div>\n\t\t\t\t<\/div>\n\t\t<div class=\"elementor-element elementor-element-4e0c626 e-flex e-con-boxed e-con e-child\" data-id=\"4e0c626\" data-element_type=\"container\" data-e-type=\"container\" data-settings=\"{&quot;position&quot;:&quot;absolute&quot;}\">\n\t\t\t\t\t<div class=\"e-con-inner\">\n\t\t\t\t<div class=\"elementor-element elementor-element-4563feb animated-slow elementor-invisible elementor-widget elementor-widget-image\" data-id=\"4563feb\" data-element_type=\"widget\" data-e-type=\"widget\" data-settings=\"{&quot;_animation&quot;:&quot;zoomIn&quot;}\" data-widget_type=\"image.default\">\n\t\t\t\t<div class=\"elementor-widget-container\">\n\t\t\t\t\t\t\t\t\t\t\t\t\t\t\t<img loading=\"lazy\" decoding=\"async\" width=\"600\" height=\"600\" src=\"https:\/\/eslop.com\/wp-content\/uploads\/2024\/12\/21-eslop-usa.svg\" class=\"attachment-full size-full wp-image-668\" alt=\"Eslop USA empresa del sector minero, oro y minerales preciosos\" \/>\t\t\t\t\t\t\t\t\t\t\t\t\t\t\t<\/div>\n\t\t\t\t<\/div>\n\t\t\t\t\t<\/div>\n\t\t\t\t<\/div>\n\t\t\t\t<div class=\"elementor-element elementor-element-86fe394 elementor-widget elementor-widget-spacer\" data-id=\"86fe394\" data-element_type=\"widget\" data-e-type=\"widget\" data-widget_type=\"spacer.default\">\n\t\t\t\t<div class=\"elementor-widget-container\">\n\t\t\t\t\t\t\t<div class=\"elementor-spacer\">\n\t\t\t<div class=\"elementor-spacer-inner\"><\/div>\n\t\t<\/div>\n\t\t\t\t\t\t<\/div>\n\t\t\t\t<\/div>\n\t\t\t\t<\/div>\n\t\t\t\t<\/div>\n\t\t","protected":false},"excerpt":{"rendered":"<p>Forjando el futuro: novedades y avances que consolidan nuestro legado de confianza y excelencia.<\/p>\n","protected":false},"author":1,"featured_media":2923,"parent":0,"menu_order":0,"comment_status":"closed","ping_status":"closed","template":"elementor_header_footer","meta":{"footnotes":""},"class_list":["post-1519","page","type-page","status-publish","has-post-thumbnail","hentry"],"yoast_head":"<!-- This site is optimized with the Yoast SEO plugin v27.4 - https:\/\/yoast.com\/product\/yoast-seo-wordpress\/ -->\n<title>Noticias | Actualizaciones sobre Metales Preciosos y Sostenibilidad<\/title>\n<meta name=\"description\" content=\"Mantente informado con las \u00faltimas noticias de ESLOP USA sobre innovaci\u00f3n, miner\u00eda \u00e9tica y sostenibilidad en metales preciosos.\" \/>\n<meta name=\"robots\" content=\"index, follow, max-snippet:-1, max-image-preview:large, max-video-preview:-1\" \/>\n<link rel=\"canonical\" href=\"https:\/\/eslop.com\/es\/noticias-y-eventos\/\" \/>\n<meta property=\"og:locale\" content=\"es_ES\" \/>\n<meta property=\"og:type\" content=\"article\" \/>\n<meta property=\"og:title\" content=\"Noticias | Actualizaciones sobre Metales Preciosos y Sostenibilidad\" \/>\n<meta property=\"og:description\" content=\"Mantente informado con las \u00faltimas noticias de ESLOP USA sobre innovaci\u00f3n, miner\u00eda \u00e9tica y sostenibilidad en metales preciosos.\" \/>\n<meta property=\"og:url\" content=\"https:\/\/eslop.com\/es\/noticias-y-eventos\/\" \/>\n<meta property=\"og:site_name\" content=\"ESLOP USA\" \/>\n<meta property=\"article:modified_time\" content=\"2025-05-16T03:56:51+00:00\" \/>\n<meta property=\"og:image\" content=\"https:\/\/eslop.com\/wp-content\/uploads\/2025\/05\/75-eslop-usa.webp\" \/>\n\t<meta property=\"og:image:width\" content=\"1600\" \/>\n\t<meta property=\"og:image:height\" content=\"900\" \/>\n\t<meta property=\"og:image:type\" content=\"image\/webp\" \/>\n<meta name=\"twitter:card\" content=\"summary_large_image\" \/>\n<meta name=\"twitter:label1\" content=\"Tiempo de lectura\" \/>\n\t<meta name=\"twitter:data1\" content=\"1 minuto\" \/>\n<script type=\"application\/ld+json\" class=\"yoast-schema-graph\">{\"@context\":\"https:\\\/\\\/schema.org\",\"@graph\":[{\"@type\":\"WebPage\",\"@id\":\"https:\\\/\\\/eslop.com\\\/es\\\/noticias-y-eventos\\\/\",\"url\":\"https:\\\/\\\/eslop.com\\\/es\\\/noticias-y-eventos\\\/\",\"name\":\"Noticias | Actualizaciones sobre Metales Preciosos y Sostenibilidad\",\"isPartOf\":{\"@id\":\"https:\\\/\\\/eslop.com\\\/#website\"},\"primaryImageOfPage\":{\"@id\":\"https:\\\/\\\/eslop.com\\\/es\\\/noticias-y-eventos\\\/#primaryimage\"},\"image\":{\"@id\":\"https:\\\/\\\/eslop.com\\\/es\\\/noticias-y-eventos\\\/#primaryimage\"},\"thumbnailUrl\":\"https:\\\/\\\/eslop.com\\\/wp-content\\\/uploads\\\/2025\\\/05\\\/75-eslop-usa.webp\",\"datePublished\":\"2024-12-03T19:30:08+00:00\",\"dateModified\":\"2025-05-16T03:56:51+00:00\",\"description\":\"Mantente informado con las \u00faltimas noticias de ESLOP USA sobre innovaci\u00f3n, miner\u00eda \u00e9tica y sostenibilidad en metales preciosos.\",\"breadcrumb\":{\"@id\":\"https:\\\/\\\/eslop.com\\\/es\\\/noticias-y-eventos\\\/#breadcrumb\"},\"inLanguage\":\"es\",\"potentialAction\":[{\"@type\":\"ReadAction\",\"target\":[\"https:\\\/\\\/eslop.com\\\/es\\\/noticias-y-eventos\\\/\"]}]},{\"@type\":\"ImageObject\",\"inLanguage\":\"es\",\"@id\":\"https:\\\/\\\/eslop.com\\\/es\\\/noticias-y-eventos\\\/#primaryimage\",\"url\":\"https:\\\/\\\/eslop.com\\\/wp-content\\\/uploads\\\/2025\\\/05\\\/75-eslop-usa.webp\",\"contentUrl\":\"https:\\\/\\\/eslop.com\\\/wp-content\\\/uploads\\\/2025\\\/05\\\/75-eslop-usa.webp\",\"width\":1600,\"height\":900},{\"@type\":\"BreadcrumbList\",\"@id\":\"https:\\\/\\\/eslop.com\\\/es\\\/noticias-y-eventos\\\/#breadcrumb\",\"itemListElement\":[{\"@type\":\"ListItem\",\"position\":1,\"name\":\"Portada\",\"item\":\"https:\\\/\\\/eslop.com\\\/es\\\/\"},{\"@type\":\"ListItem\",\"position\":2,\"name\":\"Noticias\"}]},{\"@type\":\"WebSite\",\"@id\":\"https:\\\/\\\/eslop.com\\\/#website\",\"url\":\"https:\\\/\\\/eslop.com\\\/\",\"name\":\"Eslop USA\",\"description\":\"Liderazgo en Miner&iacute;a y Metales Preciosos\",\"publisher\":{\"@id\":\"https:\\\/\\\/eslop.com\\\/#organization\"},\"alternateName\":\"Eslop\",\"potentialAction\":[{\"@type\":\"SearchAction\",\"target\":{\"@type\":\"EntryPoint\",\"urlTemplate\":\"https:\\\/\\\/eslop.com\\\/?s={search_term_string}\"},\"query-input\":{\"@type\":\"PropertyValueSpecification\",\"valueRequired\":true,\"valueName\":\"search_term_string\"}}],\"inLanguage\":\"es\"},{\"@type\":\"Organization\",\"@id\":\"https:\\\/\\\/eslop.com\\\/#organization\",\"name\":\"Eslop USA\",\"alternateName\":\"Eslop\",\"url\":\"https:\\\/\\\/eslop.com\\\/\",\"logo\":{\"@type\":\"ImageObject\",\"inLanguage\":\"es\",\"@id\":\"https:\\\/\\\/eslop.com\\\/#\\\/schema\\\/logo\\\/image\\\/\",\"url\":\"https:\\\/\\\/eslopusa.us\\\/wp-content\\\/uploads\\\/2024\\\/12\\\/66-eslop-usa.webp\",\"contentUrl\":\"https:\\\/\\\/eslopusa.us\\\/wp-content\\\/uploads\\\/2024\\\/12\\\/66-eslop-usa.webp\",\"width\":471,\"height\":166,\"caption\":\"Eslop USA\"},\"image\":{\"@id\":\"https:\\\/\\\/eslop.com\\\/#\\\/schema\\\/logo\\\/image\\\/\"}}]}<\/script>\n<!-- \/ Yoast SEO plugin. -->","yoast_head_json":{"title":"Noticias | Actualizaciones sobre Metales Preciosos y Sostenibilidad","description":"Mantente informado con las \u00faltimas noticias de ESLOP USA sobre innovaci\u00f3n, miner\u00eda \u00e9tica y sostenibilidad en metales preciosos.","robots":{"index":"index","follow":"follow","max-snippet":"max-snippet:-1","max-image-preview":"max-image-preview:large","max-video-preview":"max-video-preview:-1"},"canonical":"https:\/\/eslop.com\/es\/noticias-y-eventos\/","og_locale":"es_ES","og_type":"article","og_title":"Noticias | Actualizaciones sobre Metales Preciosos y Sostenibilidad","og_description":"Mantente informado con las \u00faltimas noticias de ESLOP USA sobre innovaci\u00f3n, miner\u00eda \u00e9tica y sostenibilidad en metales preciosos.","og_url":"https:\/\/eslop.com\/es\/noticias-y-eventos\/","og_site_name":"ESLOP USA","article_modified_time":"2025-05-16T03:56:51+00:00","og_image":[{"width":1600,"height":900,"url":"https:\/\/eslop.com\/wp-content\/uploads\/2025\/05\/75-eslop-usa.webp","type":"image\/webp"}],"twitter_card":"summary_large_image","twitter_misc":{"Tiempo de lectura":"1 minuto"},"schema":{"@context":"https:\/\/schema.org","@graph":[{"@type":"WebPage","@id":"https:\/\/eslop.com\/es\/noticias-y-eventos\/","url":"https:\/\/eslop.com\/es\/noticias-y-eventos\/","name":"Noticias | Actualizaciones sobre Metales Preciosos y Sostenibilidad","isPartOf":{"@id":"https:\/\/eslop.com\/#website"},"primaryImageOfPage":{"@id":"https:\/\/eslop.com\/es\/noticias-y-eventos\/#primaryimage"},"image":{"@id":"https:\/\/eslop.com\/es\/noticias-y-eventos\/#primaryimage"},"thumbnailUrl":"https:\/\/eslop.com\/wp-content\/uploads\/2025\/05\/75-eslop-usa.webp","datePublished":"2024-12-03T19:30:08+00:00","dateModified":"2025-05-16T03:56:51+00:00","description":"Mantente informado con las \u00faltimas noticias de ESLOP USA sobre innovaci\u00f3n, miner\u00eda \u00e9tica y sostenibilidad en metales preciosos.","breadcrumb":{"@id":"https:\/\/eslop.com\/es\/noticias-y-eventos\/#breadcrumb"},"inLanguage":"es","potentialAction":[{"@type":"ReadAction","target":["https:\/\/eslop.com\/es\/noticias-y-eventos\/"]}]},{"@type":"ImageObject","inLanguage":"es","@id":"https:\/\/eslop.com\/es\/noticias-y-eventos\/#primaryimage","url":"https:\/\/eslop.com\/wp-content\/uploads\/2025\/05\/75-eslop-usa.webp","contentUrl":"https:\/\/eslop.com\/wp-content\/uploads\/2025\/05\/75-eslop-usa.webp","width":1600,"height":900},{"@type":"BreadcrumbList","@id":"https:\/\/eslop.com\/es\/noticias-y-eventos\/#breadcrumb","itemListElement":[{"@type":"ListItem","position":1,"name":"Portada","item":"https:\/\/eslop.com\/es\/"},{"@type":"ListItem","position":2,"name":"Noticias"}]},{"@type":"WebSite","@id":"https:\/\/eslop.com\/#website","url":"https:\/\/eslop.com\/","name":"Eslop USA","description":"Liderazgo en Miner&iacute;a y Metales Preciosos","publisher":{"@id":"https:\/\/eslop.com\/#organization"},"alternateName":"Eslop","potentialAction":[{"@type":"SearchAction","target":{"@type":"EntryPoint","urlTemplate":"https:\/\/eslop.com\/?s={search_term_string}"},"query-input":{"@type":"PropertyValueSpecification","valueRequired":true,"valueName":"search_term_string"}}],"inLanguage":"es"},{"@type":"Organization","@id":"https:\/\/eslop.com\/#organization","name":"Eslop USA","alternateName":"Eslop","url":"https:\/\/eslop.com\/","logo":{"@type":"ImageObject","inLanguage":"es","@id":"https:\/\/eslop.com\/#\/schema\/logo\/image\/","url":"https:\/\/eslopusa.us\/wp-content\/uploads\/2024\/12\/66-eslop-usa.webp","contentUrl":"https:\/\/eslopusa.us\/wp-content\/uploads\/2024\/12\/66-eslop-usa.webp","width":471,"height":166,"caption":"Eslop USA"},"image":{"@id":"https:\/\/eslop.com\/#\/schema\/logo\/image\/"}}]}},"_links":{"self":[{"href":"https:\/\/eslop.com\/es\/wp-json\/wp\/v2\/pages\/1519","targetHints":{"allow":["GET"]}}],"collection":[{"href":"https:\/\/eslop.com\/es\/wp-json\/wp\/v2\/pages"}],"about":[{"href":"https:\/\/eslop.com\/es\/wp-json\/wp\/v2\/types\/page"}],"author":[{"embeddable":true,"href":"https:\/\/eslop.com\/es\/wp-json\/wp\/v2\/users\/1"}],"replies":[{"embeddable":true,"href":"https:\/\/eslop.com\/es\/wp-json\/wp\/v2\/comments?post=1519"}],"version-history":[{"count":44,"href":"https:\/\/eslop.com\/es\/wp-json\/wp\/v2\/pages\/1519\/revisions"}],"predecessor-version":[{"id":2742,"href":"https:\/\/eslop.com\/es\/wp-json\/wp\/v2\/pages\/1519\/revisions\/2742"}],"wp:featuredmedia":[{"embeddable":true,"href":"https:\/\/eslop.com\/es\/wp-json\/wp\/v2\/media\/2923"}],"wp:attachment":[{"href":"https:\/\/eslop.com\/es\/wp-json\/wp\/v2\/media?parent=1519"}],"curies":[{"name":"wp","href":"https:\/\/api.w.org\/{rel}","templated":true}]}}